{"id":9,"date":"2009-11-18T15:20:51","date_gmt":"2009-11-18T13:20:51","guid":{"rendered":"http:\/\/zukunftsenergie-fuer-unsere-stadt.de\/?page_id=9"},"modified":"2016-06-28T21:46:45","modified_gmt":"2016-06-28T19:46:45","slug":"impressum","status":"publish","type":"page","link":"https:\/\/www.zukunftsenergie-fuer-unsere-stadt.de\/?page_id=9","title":{"rendered":"Impressum"},"content":{"rendered":"<h2>Impressum<\/h2>\n<p>Zukunftsenergie f\u00fcr unsere Stadt e.V.<\/p>\n<p>Eintragung in das Vereinsregister: Amtsgericht Iserlohn VR 1456<\/p>\n<p>Steuernummer: 328\/5881\/2394<\/p>\n<p>Vertretungsberechtigter:<\/p>\n<p>Klaus H\u00f6lcke (1. Vorsitzender)<br \/>\nUnter dem Kehlberg 19<br \/>\nD-58675 Hemer<br \/>\nTelefon: 0049 &#8211; 23 72 &#8211; 1 40 42<\/p>\n<p><a href=\"mailto:info@immergruen.de\"><br \/>\ninfo@immergruen.de<\/a><\/p>\n<p>Inhaltlich Verantwortlicher gem\u00e4\u00df \u00a7 6 MDStV:<br \/>\nKlaus H\u00f6lcke (V.i.S.d.P.)<\/p>\n<p>Haftungshinweis:<br \/>\nTrotz sorgf\u00e4ltiger inhaltlicher Kontrolle \u00fcbernehmen wir keine Haftung f\u00fcr die Inhalte externer Links. F\u00fcr den Inhalt der verlinkten Seiten sind ausschlie\u00dflich deren Betreiber verantwortlich.<\/p>\n","protected":false},"excerpt":{"rendered":"<p>Impressum Zukunftsenergie f\u00fcr unsere Stadt e.V. Eintragung in das Vereinsregister: Amtsgericht Iserlohn VR 1456 Steuernummer: 328\/5881\/2394 Vertretungsberechtigter: Klaus H\u00f6lcke (1. Vorsitzender) Unter dem Kehlberg 19 D-58675 Hemer Telefon: 0049 &#8211; 23 72 &#8211; 1 40 42 info@immergruen.de Inhaltlich Verantwortlicher gem\u00e4\u00df \u00a7 6 MDStV: Klaus H\u00f6lcke (V.i.S.d.P.) Haftungshinweis: Trotz sorgf\u00e4ltiger inhaltlicher Kontrolle \u00fcbernehmen wir keine Haftung [&hellip;]<\/p>\n","protected":false},"author":2,"featured_media":0,"parent":0,"menu_order":90,"comment_status":"open","ping_status":"closed","template":"","meta":[],"_links":{"self":[{"href":"https:\/\/www.zukunftsenergie-fuer-unsere-stadt.de\/index.php?rest_route=\/wp\/v2\/pages\/9"}],"collection":[{"href":"https:\/\/www.zukunftsenergie-fuer-unsere-stadt.de\/index.php?rest_route=\/wp\/v2\/pages"}],"about":[{"href":"https:\/\/www.zukunftsenergie-fuer-unsere-stadt.de\/index.php?rest_route=\/wp\/v2\/types\/page"}],"author":[{"embeddable":true,"href":"https:\/\/www.zukunftsenergie-fuer-unsere-stadt.de\/index.php?rest_route=\/wp\/v2\/users\/2"}],"replies":[{"embeddable":true,"href":"https:\/\/www.zukunftsenergie-fuer-unsere-stadt.de\/index.php?rest_route=%2Fwp%2Fv2%2Fcomments&post=9"}],"version-history":[{"count":1,"href":"https:\/\/www.zukunftsenergie-fuer-unsere-stadt.de\/index.php?rest_route=\/wp\/v2\/pages\/9\/revisions"}],"predecessor-version":[{"id":220,"href":"https:\/\/www.zukunftsenergie-fuer-unsere-stadt.de\/index.php?rest_route=\/wp\/v2\/pages\/9\/revisions\/220"}],"wp:attachment":[{"href":"https:\/\/www.zukunftsenergie-fuer-unsere-stadt.de\/index.php?rest_route=%2Fwp%2Fv2%2Fmedia&parent=9"}],"curies":[{"name":"wp","href":"https:\/\/api.w.org\/{rel}","templated":true}]}}