{"id":36,"date":"2010-01-21T10:01:34","date_gmt":"2010-01-21T08:01:34","guid":{"rendered":"http:\/\/zukunftsenergie-fuer-unsere-stadt.de\/?page_id=36"},"modified":"2016-05-20T13:36:09","modified_gmt":"2016-05-20T11:36:09","slug":"stadtteilmosaik","status":"publish","type":"page","link":"https:\/\/www.zukunftsenergie-fuer-unsere-stadt.de\/?page_id=36","title":{"rendered":"Stadtteilmosaik"},"content":{"rendered":"<h1>Stadtteilmosaik<br \/>\nLandhausen \/ St\u00fcbecken<\/h1>\n<p>Anl\u00e4sslich der Landesgartenschau Hemer 2010\u00a0gab es ein Stadtteilmosaik. Hier\u00a0hat sich jeder Stadtteil mit den f\u00fcr ihn typischen Merkmalen und Besonderheiten pr\u00e4sentiert.<\/p>\n<p>F\u00fcr die Stadtteile Landhausen und St\u00fcbecken haben die Vereine (TV Landhausen, SG Hemer, freiwillige Feuerwehr, die ev. Kirche und die Siedlergemeinschaften II + III) ein gemeinsames Konzept f\u00fcr die Gestaltung des Mosaiks erarbeitet.<br \/>\nDabei wurden vor allen Dingen &#8222;Wahrzeichen&#8220; unserer Stadtteile dargestellt:<\/p>\n<ul class=\"absatz\">\n<li>ein Dorfbrunnen als Wahrzeichen Landhausens,<\/li>\n<li>eine Eiche, die f\u00fcr beide Stadtteile steht,<\/li>\n<li>eine Holzh\u00fctte, die unsere Wohnbebauung darstellen soll,<\/li>\n<li>ein Windkraftrad als Wahrzeichen St\u00fcbeckens.<\/li>\n<\/ul>\n<p>Um die Nachhaltigkeit unseres Projektes auch nach der Landesgartenschau zu erhalten, wurde der F\u00f6rderverein &#8222;Zukunftsenergie f\u00fcr unsere Stadt e.V.&#8220; gegr\u00fcndet.<\/p>\n<p>Die Arbeit unseres F\u00f6rdervereins beruht auf zwei S\u00e4ulen:<\/p>\n<ol class=\"absatz\">\n<li>Pr\u00e4sentation eines Modell-Siedlerhauses mit nachhaltigen Energien auf der Landesgartenschau und<\/li>\n<li>Aufbau einer Initiative f\u00fcr Zukunftsenergien in unserer heimischen Region.<\/li>\n<\/ol>\n<p>Alle Komponenten des Modell-Siedlerhauses wurden so konzipiert, dass sie sp\u00e4ter als Informationszentrum verwendet werden k\u00f6nnen. Der F\u00f6rderverein beabsichtigt, Kinderg\u00e4rten, Schulen und interessierten B\u00fcrgern verschiedene Energietr\u00e4ger an Demonstrationsanlagen n\u00e4herzubringen, um auch hier einen nachhaltigen Beitrag zu leisten.<\/p>\n<p>Auch Sie k\u00f6nnen unser Projekt mit einer Spende f\u00f6rdern! Sollten Sie es w\u00fcnschen, kann unser Verein f\u00fcr Ihr Engagement eine Spendenquittung ausstellen.<\/p>\n<p>F\u00fcr nur 12,00 Euro \/ Jahr k\u00f6nnen Sie uns als Mitglied unterst\u00fctzen. Als kleines Dankesch\u00f6n erhalten Sie ein Stadtteilwappen DIN A4 Ihrer Wahl gratis.<\/p>\n<p><a href=\"http:\/\/2013.zukunftsenergie-fuer-unsere-stadt.de\/wp-content\/uploads\/2010\/01\/20091113_Staedtemosaik_landhausen3.jpg\"><img decoding=\"async\" loading=\"lazy\" class=\"aligncenter size-full wp-image-80\" src=\"http:\/\/2013.zukunftsenergie-fuer-unsere-stadt.de\/wp-content\/uploads\/2010\/01\/20091113_Staedtemosaik_landhausen3.jpg\" alt=\"20091113_Staedtemosaik_landhausen\" width=\"300\" height=\"253\" \/><\/a><\/p>\n<p>&nbsp;<\/p>\n<table border=\"0\">\n<tbody>\n<tr>\n<td colspan=\"2\">F\u00fcr unser Projekt haben sich bereits viele Sponsoren engagiert, die wir gerne nachstehend erw\u00e4hnen:<\/td>\n<\/tr>\n<tr>\n<td colspan=\"2\"><\/td>\n<\/tr>\n<tr>\n<td>\n<ul class=\"absatz\">\n<li><a href=\"http:\/\/www.wbg-hemer.de\" target=\"_blank\">Gemeinn\u00fctzige Wohnungsbaugenossenschaft Hemer eG<\/a><\/li>\n<li><a href=\"http:\/\/www.berkenhoff-thiel.de\" target=\"_blank\">Baustoffhandel Berkenhoff &amp; Thiel<\/a><\/li>\n<li><a href=\"http:\/\/www.sparkasse-hemer.de\" target=\"_blank\">Sparkasse M\u00e4rkisches Sauerland Hemer-Menden<\/a><\/li>\n<li><a href=\"http:\/\/www.immergruen.de\" target=\"_blank\">Immergr\u00fcn Garten- u. Landschaftsbau und Umwelttechnik<\/a><\/li>\n<li><a href=\"http:\/\/www.tct-tesic.com\/\">TCT Tesic GmbH<\/a><\/li>\n<li><a href=\"http:\/\/de.foerderverein-landesgartenschau-hemer.de\" target=\"_blank\">F\u00f6rderverein LAGA<\/a><\/li>\n<li><a href=\"http:\/\/www.cdu-hemer.de\" target=\"_blank\">CDU<\/a>, <a href=\"http:\/\/www.spd-hemer.de\" target=\"_blank\">SPD<\/a>, <a href=\"http:\/\/www.cdu-hemer.de\" target=\"_blank\">UWG<\/a><\/li>\n<li><a href=\"http:\/\/www.klein-waerme.de\" target=\"_blank\">Adolf Klein GmbH B\u00e4der &amp; W\u00e4rme<\/a><\/li>\n<li>Rainer Kirchhoff<\/li>\n<li>ev. Kirchengemeinde Hemer-Landhausen<\/li>\n<li>Siedlergemeinschaft Hemer am Damm II + III<\/li>\n<li>Freiwillige Feuerwehr Landhausen<\/li>\n<li>TV Landhausen, <a href=\"http:\/\/www.sg-hemer.de\" target=\"_blank\">SG HEMER<\/a><\/li>\n<li><a title=\"Hiltawsky Sonnenstrom\" href=\"http:\/\/http:\/\/www.hiltawsky-sonnenstrom.de\/\" target=\"_blank\">Hiltawsky Sonnenstrom<\/a><\/li>\n<li><a title=\"Elektro Hormann GmbH &amp; Co.KG\" href=\"http:\/\/http:\/\/www.elektro-hormann.de\/\" target=\"_blank\">Elektro Hormann GmbH &amp; Co.KG<\/a><\/li>\n<li>S\u00e4gewerk Weiland GmbH<\/li>\n<li><a href=\"http:\/\/2013.zukunftsenergie-fuer-unsere-stadt.de\/wp-content\/uploads\/2016\/05\/Siedlergemeinschaft-Hemer-am-Damm-II-III.pdf\" target=\"_blank\">Siedlergemeinschaft Hemer am Damm II + III<\/a><\/li>\n<\/ul>\n<\/td>\n<td><\/td>\n<\/tr>\n<\/tbody>\n<\/table>\n","protected":false},"excerpt":{"rendered":"<p>Stadtteilmosaik Landhausen \/ St\u00fcbecken Anl\u00e4sslich der Landesgartenschau Hemer 2010\u00a0gab es ein Stadtteilmosaik. Hier\u00a0hat sich jeder Stadtteil mit den f\u00fcr ihn typischen Merkmalen und Besonderheiten pr\u00e4sentiert. F\u00fcr die Stadtteile Landhausen und St\u00fcbecken haben die Vereine (TV Landhausen, SG Hemer, freiwillige Feuerwehr, die ev. Kirche und die Siedlergemeinschaften II + III) ein gemeinsames Konzept f\u00fcr die Gestaltung [&hellip;]<\/p>\n","protected":false},"author":2,"featured_media":0,"parent":0,"menu_order":50,"comment_status":"closed","ping_status":"closed","template":"","meta":[],"_links":{"self":[{"href":"https:\/\/www.zukunftsenergie-fuer-unsere-stadt.de\/index.php?rest_route=\/wp\/v2\/pages\/36"}],"collection":[{"href":"https:\/\/www.zukunftsenergie-fuer-unsere-stadt.de\/index.php?rest_route=\/wp\/v2\/pages"}],"about":[{"href":"https:\/\/www.zukunftsenergie-fuer-unsere-stadt.de\/index.php?rest_route=\/wp\/v2\/types\/page"}],"author":[{"embeddable":true,"href":"https:\/\/www.zukunftsenergie-fuer-unsere-stadt.de\/index.php?rest_route=\/wp\/v2\/users\/2"}],"replies":[{"embeddable":true,"href":"https:\/\/www.zukunftsenergie-fuer-unsere-stadt.de\/index.php?rest_route=%2Fwp%2Fv2%2Fcomments&post=36"}],"version-history":[{"count":5,"href":"https:\/\/www.zukunftsenergie-fuer-unsere-stadt.de\/index.php?rest_route=\/wp\/v2\/pages\/36\/revisions"}],"predecessor-version":[{"id":308,"href":"https:\/\/www.zukunftsenergie-fuer-unsere-stadt.de\/index.php?rest_route=\/wp\/v2\/pages\/36\/revisions\/308"}],"wp:attachment":[{"href":"https:\/\/www.zukunftsenergie-fuer-unsere-stadt.de\/index.php?rest_route=%2Fwp%2Fv2%2Fmedia&parent=36"}],"curies":[{"name":"wp","href":"https:\/\/api.w.org\/{rel}","templated":true}]}}