{"id":129,"date":"2011-02-14T22:43:44","date_gmt":"2011-02-14T20:43:44","guid":{"rendered":"http:\/\/zukunftsenergie-fuer-unsere-stadt.de\/?page_id=129"},"modified":"2019-08-07T15:45:47","modified_gmt":"2019-08-07T13:45:47","slug":"aktuelles","status":"publish","type":"page","link":"https:\/\/www.zukunftsenergie-fuer-unsere-stadt.de\/?page_id=129","title":{"rendered":"Aktuelles"},"content":{"rendered":"\n<p style=\"text-align:center\">Am 17. August 2019 findet unser diesj\u00e4hriges Grillfest statt.<\/p>\n\n\n\n<p style=\"text-align:center\">Ort: Blockhaus im Sauerland Park<\/p>\n\n\n\n<p style=\"text-align:center\">Wann: Treffpunkt Parkplatz Deilinghofen am Sauerland Park um<\/p>\n\n\n\n<p style=\"text-align:center\">17.00 Uhr<\/p>\n\n\n\n<p>&#8212;&#8212;&#8212;&#8212;&#8212;&#8212;&#8212;&#8212;&#8212;&#8212;&#8212;&#8212;&#8212;&#8212;&#8212;&#8212;&#8212;&#8212;&#8212;&#8212;&#8212;&#8212;&#8212;&#8212;&#8212;&#8212;&#8212;&#8212;&#8212;&#8212;&#8212;&#8212;&#8211;<\/p>\n\n\n<p style=\"text-align: center;\">Nach der gelungenen Auff\u00fchrung des Films &#8222;Leben mit der Energiewende 3&#8220; (siehe unten) haben wir den neuen Film<\/p>\n<p style=\"text-align: center;\"><strong>&#8222;Leben mit der Energiewende 4 &#8211; Autark&#8220;<\/strong>.<\/p>\n<p>\u00a0<\/p>\n<p style=\"text-align: center;\"><a href=\"http:\/\/www.zukunftsenergie-fuer-unsere-stadt.de\/wp-content\/uploads\/2018\/08\/image.jpg\"><img decoding=\"async\" loading=\"lazy\" class=\"alignnone size-medium wp-image-425\" src=\"http:\/\/www.zukunftsenergie-fuer-unsere-stadt.de\/wp-content\/uploads\/2018\/08\/image-212x300.jpg\" alt=\"\" width=\"212\" height=\"300\" srcset=\"https:\/\/www.zukunftsenergie-fuer-unsere-stadt.de\/wp-content\/uploads\/2018\/08\/image-212x300.jpg 212w, https:\/\/www.zukunftsenergie-fuer-unsere-stadt.de\/wp-content\/uploads\/2018\/08\/image.jpg 640w\" sizes=\"(max-width: 212px) 100vw, 212px\" \/><\/a><\/p>\n<p>\u00a0<\/p>\n<p style=\"text-align: center;\">am Mittwoch, den 28. November 2018,<\/p>\n<p style=\"text-align: center;\">in der Kreuzkirche Landhausen,<\/p>\n<p style=\"text-align: center;\">Birkenweg 78, 58675 Hemer,<\/p>\n<p style=\"text-align: center;\">aufgef\u00fchrt.<\/p>\n<p>Der Regisseur Frank Farenski war pers\u00f6nlich bei der Veranstaltung und hat im Anschluss nach der Auff\u00fchrung eine interessante Diskussionsrunde moderiert.<\/p>\n<p>\u00a0<\/p>\n<hr \/>\n<p>\u00a0<\/p>\n<p style=\"text-align: center;\">Am<\/p>\n<p style=\"text-align: center;\">25. August 2018<\/p>\n<p style=\"text-align: center;\">fand im Sauerland Park an unserem Blockhaus<\/p>\n<p style=\"text-align: center;\">ein Grillnachmittag\/-abend statt.<\/p>\n<p style=\"text-align: center;\">Hier einige Impressionen &#x1f60a;<\/p>\n<p>\u00a0<\/p>\n<p style=\"text-align: center;\"><a href=\"http:\/\/www.zukunftsenergie-fuer-unsere-stadt.de\/wp-content\/uploads\/2018\/08\/DSC_1184.jpg\"><img decoding=\"async\" loading=\"lazy\" class=\"alignnone size-medium wp-image-421\" src=\"http:\/\/www.zukunftsenergie-fuer-unsere-stadt.de\/wp-content\/uploads\/2018\/08\/DSC_1184-300x169.jpg\" alt=\"\" width=\"300\" height=\"169\" srcset=\"https:\/\/www.zukunftsenergie-fuer-unsere-stadt.de\/wp-content\/uploads\/2018\/08\/DSC_1184-300x169.jpg 300w, https:\/\/www.zukunftsenergie-fuer-unsere-stadt.de\/wp-content\/uploads\/2018\/08\/DSC_1184-768x432.jpg 768w, https:\/\/www.zukunftsenergie-fuer-unsere-stadt.de\/wp-content\/uploads\/2018\/08\/DSC_1184-1024x576.jpg 1024w, https:\/\/www.zukunftsenergie-fuer-unsere-stadt.de\/wp-content\/uploads\/2018\/08\/DSC_1184.jpg 1280w\" sizes=\"(max-width: 300px) 100vw, 300px\" \/><\/a><\/p>\n<p>\u00a0<\/p>\n<p style=\"text-align: center;\"><a href=\"http:\/\/www.zukunftsenergie-fuer-unsere-stadt.de\/wp-content\/uploads\/2018\/08\/DSC_1183.jpg\"><img decoding=\"async\" loading=\"lazy\" class=\"alignnone size-medium wp-image-420\" src=\"http:\/\/www.zukunftsenergie-fuer-unsere-stadt.de\/wp-content\/uploads\/2018\/08\/DSC_1183-300x169.jpg\" alt=\"\" width=\"300\" height=\"169\" srcset=\"https:\/\/www.zukunftsenergie-fuer-unsere-stadt.de\/wp-content\/uploads\/2018\/08\/DSC_1183-300x169.jpg 300w, https:\/\/www.zukunftsenergie-fuer-unsere-stadt.de\/wp-content\/uploads\/2018\/08\/DSC_1183-768x432.jpg 768w, https:\/\/www.zukunftsenergie-fuer-unsere-stadt.de\/wp-content\/uploads\/2018\/08\/DSC_1183-1024x576.jpg 1024w, https:\/\/www.zukunftsenergie-fuer-unsere-stadt.de\/wp-content\/uploads\/2018\/08\/DSC_1183.jpg 1280w\" sizes=\"(max-width: 300px) 100vw, 300px\" \/><\/a><\/p>\n<p>\u00a0<\/p>\n<p style=\"text-align: center;\"><a href=\"http:\/\/www.zukunftsenergie-fuer-unsere-stadt.de\/wp-content\/uploads\/2018\/08\/DSC_1185.jpg\"><img decoding=\"async\" loading=\"lazy\" class=\"alignnone size-medium wp-image-422\" src=\"http:\/\/www.zukunftsenergie-fuer-unsere-stadt.de\/wp-content\/uploads\/2018\/08\/DSC_1185-300x169.jpg\" alt=\"\" width=\"300\" height=\"169\" srcset=\"https:\/\/www.zukunftsenergie-fuer-unsere-stadt.de\/wp-content\/uploads\/2018\/08\/DSC_1185-300x169.jpg 300w, https:\/\/www.zukunftsenergie-fuer-unsere-stadt.de\/wp-content\/uploads\/2018\/08\/DSC_1185-768x432.jpg 768w, https:\/\/www.zukunftsenergie-fuer-unsere-stadt.de\/wp-content\/uploads\/2018\/08\/DSC_1185-1024x576.jpg 1024w, https:\/\/www.zukunftsenergie-fuer-unsere-stadt.de\/wp-content\/uploads\/2018\/08\/DSC_1185.jpg 1280w\" sizes=\"(max-width: 300px) 100vw, 300px\" \/><\/a><\/p>\n<p>\u00a0<\/p>\n<p style=\"text-align: center;\"><a href=\"http:\/\/www.zukunftsenergie-fuer-unsere-stadt.de\/wp-content\/uploads\/2018\/08\/DSC_1189.jpg\"><img decoding=\"async\" loading=\"lazy\" class=\"alignnone size-medium wp-image-416\" src=\"http:\/\/www.zukunftsenergie-fuer-unsere-stadt.de\/wp-content\/uploads\/2018\/08\/DSC_1189-300x169.jpg\" alt=\"\" width=\"300\" height=\"169\" srcset=\"https:\/\/www.zukunftsenergie-fuer-unsere-stadt.de\/wp-content\/uploads\/2018\/08\/DSC_1189-300x169.jpg 300w, https:\/\/www.zukunftsenergie-fuer-unsere-stadt.de\/wp-content\/uploads\/2018\/08\/DSC_1189-768x432.jpg 768w, https:\/\/www.zukunftsenergie-fuer-unsere-stadt.de\/wp-content\/uploads\/2018\/08\/DSC_1189-1024x576.jpg 1024w, https:\/\/www.zukunftsenergie-fuer-unsere-stadt.de\/wp-content\/uploads\/2018\/08\/DSC_1189.jpg 1280w\" sizes=\"(max-width: 300px) 100vw, 300px\" \/><\/a><\/p>\n<p>\u00a0<\/p>\n<hr \/>\n<p>\u00a0<\/p>\n<p style=\"text-align: center;\"><b>Gelungene Auff\u00fchrung<\/b><\/p>\n<p style=\"text-align: center;\">Der Kinofilm &#8222;<a href=\"http:\/\/www.energiewende-derfilm.de\" target=\"_blank\" rel=\"noopener noreferrer\">Leben mit der Energiewende 3<\/a>&#8222;<\/p>\n<p style=\"text-align: center;\"><a href=\"http:\/\/2013.zukunftsenergie-fuer-unsere-stadt.de\/wp-content\/uploads\/2011\/02\/Leben-mit-der-Energiewende.jpg\"><img decoding=\"async\" loading=\"lazy\" class=\"alignnone size-medium wp-image-250\" src=\"http:\/\/2013.zukunftsenergie-fuer-unsere-stadt.de\/wp-content\/uploads\/2011\/02\/Leben-mit-der-Energiewende-200x300.jpg\" alt=\"Leben mit der Energiewende\" width=\"200\" height=\"300\" srcset=\"https:\/\/www.zukunftsenergie-fuer-unsere-stadt.de\/wp-content\/uploads\/2011\/02\/Leben-mit-der-Energiewende-200x300.jpg 200w, https:\/\/www.zukunftsenergie-fuer-unsere-stadt.de\/wp-content\/uploads\/2011\/02\/Leben-mit-der-Energiewende.jpg 610w\" sizes=\"(max-width: 200px) 100vw, 200px\" \/><\/a><\/p>\n<p style=\"text-align: center;\"><a href=\"http:\/\/www.zukunftsenergie-fuer-unsere-stadt.de\/wp-content\/uploads\/2015\/09\/IMG_0361.jpg\"><img decoding=\"async\" loading=\"lazy\" class=\"alignnone size-medium wp-image-259\" src=\"http:\/\/www.zukunftsenergie-fuer-unsere-stadt.de\/wp-content\/uploads\/2015\/09\/IMG_0361-300x200.jpg\" alt=\"\" width=\"300\" height=\"200\" srcset=\"https:\/\/www.zukunftsenergie-fuer-unsere-stadt.de\/wp-content\/uploads\/2015\/09\/IMG_0361-300x200.jpg 300w, https:\/\/www.zukunftsenergie-fuer-unsere-stadt.de\/wp-content\/uploads\/2015\/09\/IMG_0361-1024x683.jpg 1024w\" sizes=\"(max-width: 300px) 100vw, 300px\" \/><\/a><\/p>\n<p style=\"text-align: center;\">Am 09.09.2015 f\u00fchrte unser\u00a0Verein den Kinofilm \u201eLeben mit der Energiewende 3\u201c im Gemeindezentrum der Kreuzkirche in Hemer auf.<\/p>\n<p style=\"text-align: center;\">Die Auff\u00fchrung war ein voller Erfolg f\u00fcr den Verein. Der Vorf\u00fchrraum war bis auf zwei Sitzpl\u00e4tze komplett besetzt.<\/p>\n<p style=\"text-align: center;\">Nachdem der Hausherr Bernd Bartelheimer die G\u00e4ste begr\u00fc\u00dfte, f\u00fchrte der Vereinsvorsitzende Klaus H\u00f6lcke mit kurzen Worten das Publikum in das Thema ein. Der gut eineinhalb Stunden dauernde Film sprach f\u00fcr sich. In einer interessanten Art und Weise, zeitweise mit Humor ausgestattet und zu keinem Zeitpunkt langweilig, wurde in dem Film die derzeitige Energiepolitik beleuchtet und Alternativen aufgezeigt. W\u00e4hrend des Films war es im Publikum mucksm\u00e4uschenstill. Die anwesenden G\u00e4ste folgten dem Film gebannt.<\/p>\n<p style=\"text-align: center;\">Nach dem Film gab es unter der Moderation von H\u00f6lcke eine angeregte Diskussion. Diese war teils kritisch, aber \u00fcberwiegend positiv aufgeschlossen. H\u00f6lcke brachte es in seinem Schlusswort auf den Punkt: \u201eDer Film vermittelt, dass Energiewende auch sehr viel Spa\u00df machen kann.\u201c<\/p>\n<p style=\"text-align: center;\"><a href=\"http:\/\/2013.zukunftsenergie-fuer-unsere-stadt.de\/wp-content\/uploads\/2015\/09\/IMG_0360.jpg\"><img decoding=\"async\" loading=\"lazy\" class=\"alignnone size-medium wp-image-258\" src=\"http:\/\/2013.zukunftsenergie-fuer-unsere-stadt.de\/wp-content\/uploads\/2015\/09\/IMG_0360-300x200.jpg\" alt=\"IMG_0360\" width=\"300\" height=\"200\" srcset=\"https:\/\/www.zukunftsenergie-fuer-unsere-stadt.de\/wp-content\/uploads\/2015\/09\/IMG_0360-300x200.jpg 300w, https:\/\/www.zukunftsenergie-fuer-unsere-stadt.de\/wp-content\/uploads\/2015\/09\/IMG_0360-1024x683.jpg 1024w\" sizes=\"(max-width: 300px) 100vw, 300px\" \/><\/a><\/p>\n<p>\u00a0<\/p>\n<hr \/>\n<p>\u00a0<\/p>\n<p style=\"text-align: center;\"><a href=\"http:\/\/2013.zukunftsenergie-fuer-unsere-stadt.de\/wp-content\/uploads\/2013\/05\/Umweltverein2.jpg\"><img decoding=\"async\" loading=\"lazy\" class=\"alignnone size-full wp-image-196\" src=\"http:\/\/2013.zukunftsenergie-fuer-unsere-stadt.de\/wp-content\/uploads\/2013\/05\/Umweltverein2.jpg\" alt=\"Umweltverein\" width=\"656\" height=\"240\" srcset=\"https:\/\/www.zukunftsenergie-fuer-unsere-stadt.de\/wp-content\/uploads\/2013\/05\/Umweltverein2.jpg 656w, https:\/\/www.zukunftsenergie-fuer-unsere-stadt.de\/wp-content\/uploads\/2013\/05\/Umweltverein2-300x109.jpg 300w\" sizes=\"(max-width: 656px) 100vw, 656px\" \/><\/a><\/p>\n<p style=\"text-align: center;\"><span style=\"color: #000000;\">Hemer. Gro\u00df war die Freude beim Verein \u201eZukunftsenergie f\u00fcr unsere Stadt\u201c. Bei den Arbeiten an dem Vereinshaus, das auf dem Gel\u00e4nde des Sauerlandparks steht, erhielt der Verein Unterst\u00fctzung von \u201eRWE aktiv vor Ort\u201c.<\/span><\/p>\n<p style=\"text-align: center;\"><span style=\"color: #000000;\">Der Energiekonzern stellte dem Hemeraner Verein 2000 Euro zur Verf\u00fcgung. Das konkrete Projekt, was unterst\u00fctzt wurde, ist die Au\u00dfengestaltung des Vereinshauses. Neben einem dringend n\u00f6tigen Anstrich bedarf es einer Entw\u00e4sserungsanlage. Au\u00dferdem arbeiten die engagierten Vereinsmitglieder derzeit eifrig an einer Terrasse vor dem Holzhaus.<\/span><\/p>\n<p style=\"text-align: center;\"><span style=\"color: #000000;\">Beim Arbeitseinsatz am Samstag \u00fcberzeugte sich RWE-Mitarbeiter J\u00fcrgen Blaj vor Ort dar\u00fcber, dass die Spende gut angelegt ist. Von Kollege J\u00f6rg Schulz, der wiederum auch der zweite Vorsitzende des Vereins \u201eZukunftsenergie f\u00fcr unsere Stadt\u201c ist, lie\u00df sich Blaj das Vereinshaus zeigen. Klaus H\u00f6lcke, der erste Vorsitzende, dankte dem RWE f\u00fcr die willkommene Unterst\u00fctzung. Bereits sieben Projekte hat das Unternehmen mit der Aktion \u201eRWE aktiv vor Ort\u201c in der Felsenmeerstadt unterst\u00fctzt und somit insgesamt 14 000 Euro f\u00fcr den guten Zweck zur Verf\u00fcgung gestellt.<\/span><\/p>\n<p style=\"text-align: center;\"><span style=\"color: #000000;\">Wenn das Vereinshaus bald komplett fertiggestellt ist, soll es dazu dienen, dass dort den B\u00fcrgern Solar- und Windenergie n\u00e4her gebracht werden. Des Weiteren wird es dem Gr\u00fcnen Klassenzimmer zur Verf\u00fcgung gestellt. Ebenso darf das Haus von den benachbarten Gefl\u00fcgelz\u00fcchtern mitbenutzt werden.<\/span><\/p>\n<p style=\"text-align: center;\">Text und Photo: IKZ vom 09.\/10. 05. 2013 \/ Annabell Jatzke<\/p>\n<p style=\"text-align: center;\">&#8212;&#8212;&#8212;&#8212;&#8212;&#8212;&#8212;&#8212;&#8212;&#8212;&#8212;&#8212;&#8212;&#8212;&#8212;&#8212;&#8212;&#8212;&#8212;&#8212;&#8212;&#8212;&#8212;&#8212;&#8212;&#8212;&#8212;&#8212;&#8212;&#8212;&#8212;-<\/p>\n<p style=\"text-align: center;\"><span style=\"color: #000000;\">Wir beabsichtigen in diesem Jahr Anlagen mit alternativer Energieerzeugung zu besichtigen. Au\u00dferdem wird ein weiteres Grillfest und eine Weihnachtsfeier stattfinden.<\/span><\/p>\n<p style=\"text-align: center;\"><span style=\"color: #000000;\">Auch zu diesen Veranstaltungen werden hier rechtzeitig Hinweise ver\u00f6ffentlicht.<\/span><\/p>\n\n\n<p><\/p>\n","protected":false},"excerpt":{"rendered":"<p>Am 17. August 2019 findet unser diesj\u00e4hriges Grillfest statt. Ort: Blockhaus im Sauerland Park Wann: Treffpunkt Parkplatz Deilinghofen am Sauerland Park um 17.00 Uhr &#8212;&#8212;&#8212;&#8212;&#8212;&#8212;&#8212;&#8212;&#8212;&#8212;&#8212;&#8212;&#8212;&#8212;&#8212;&#8212;&#8212;&#8212;&#8212;&#8212;&#8212;&#8212;&#8212;&#8212;&#8212;&#8212;&#8212;&#8212;&#8212;&#8212;&#8212;&#8212;&#8211; Nach der gelungenen Auff\u00fchrung des Films &#8222;Leben mit der Energiewende 3&#8220; (siehe unten) haben wir den neuen Film &#8222;Leben mit der Energiewende 4 &#8211; Autark&#8220;. \u00a0 \u00a0 am Mittwoch, den [&hellip;]<\/p>\n","protected":false},"author":3,"featured_media":0,"parent":0,"menu_order":20,"comment_status":"closed","ping_status":"closed","template":"","meta":[],"_links":{"self":[{"href":"https:\/\/www.zukunftsenergie-fuer-unsere-stadt.de\/index.php?rest_route=\/wp\/v2\/pages\/129"}],"collection":[{"href":"https:\/\/www.zukunftsenergie-fuer-unsere-stadt.de\/index.php?rest_route=\/wp\/v2\/pages"}],"about":[{"href":"https:\/\/www.zukunftsenergie-fuer-unsere-stadt.de\/index.php?rest_route=\/wp\/v2\/types\/page"}],"author":[{"embeddable":true,"href":"https:\/\/www.zukunftsenergie-fuer-unsere-stadt.de\/index.php?rest_route=\/wp\/v2\/users\/3"}],"replies":[{"embeddable":true,"href":"https:\/\/www.zukunftsenergie-fuer-unsere-stadt.de\/index.php?rest_route=%2Fwp%2Fv2%2Fcomments&post=129"}],"version-history":[{"count":26,"href":"https:\/\/www.zukunftsenergie-fuer-unsere-stadt.de\/index.php?rest_route=\/wp\/v2\/pages\/129\/revisions"}],"predecessor-version":[{"id":475,"href":"https:\/\/www.zukunftsenergie-fuer-unsere-stadt.de\/index.php?rest_route=\/wp\/v2\/pages\/129\/revisions\/475"}],"wp:attachment":[{"href":"https:\/\/www.zukunftsenergie-fuer-unsere-stadt.de\/index.php?rest_route=%2Fwp%2Fv2%2Fmedia&parent=129"}],"curies":[{"name":"wp","href":"https:\/\/api.w.org\/{rel}","templated":true}]}}