{"id":107,"date":"2010-02-28T20:28:23","date_gmt":"2010-02-28T18:28:23","guid":{"rendered":"http:\/\/zukunftsenergie-fuer-unsere-stadt.de\/?page_id=107"},"modified":"2018-04-19T17:37:18","modified_gmt":"2018-04-19T15:37:18","slug":"mitgliedschaft","status":"publish","type":"page","link":"https:\/\/www.zukunftsenergie-fuer-unsere-stadt.de\/?page_id=107","title":{"rendered":"Mitgliedschaft"},"content":{"rendered":"<p><strong>Mitgliedschaft<\/strong><\/p>\n<p>Mit Ihrer Mitgliedschaft k\u00f6nnen Sie die Arbeit unseres Vereins unterst\u00fctzen. Mit dem folgenden Link k\u00f6nnen Sie sich unseren Mitgliedsantrag herunterladen, ausf\u00fcllen, unterschreiben und uns dann zukommen lassen.<\/p>\n<p>Als Mitglied sind Sie zus\u00e4tzlich durch Informationen n\u00e4her an dem wichtigen Thema alternativer Energien.<\/p>\n<p>&nbsp;<\/p>\n<p><a href=\"http:\/\/www.zukunftsenergie-fuer-unsere-stadt.de\/wp-content\/uploads\/2018\/04\/Aufnahmeantrag_SEPA.pdf\">Mitgliedsantrag<\/a><\/p>\n","protected":false},"excerpt":{"rendered":"<p>Mitgliedschaft Mit Ihrer Mitgliedschaft k\u00f6nnen Sie die Arbeit unseres Vereins unterst\u00fctzen. Mit dem folgenden Link k\u00f6nnen Sie sich unseren Mitgliedsantrag herunterladen, ausf\u00fcllen, unterschreiben und uns dann zukommen lassen. Als Mitglied sind Sie zus\u00e4tzlich durch Informationen n\u00e4her an dem wichtigen Thema alternativer Energien. &nbsp; Mitgliedsantrag<\/p>\n","protected":false},"author":3,"featured_media":0,"parent":0,"menu_order":30,"comment_status":"closed","ping_status":"closed","template":"","meta":[],"_links":{"self":[{"href":"https:\/\/www.zukunftsenergie-fuer-unsere-stadt.de\/index.php?rest_route=\/wp\/v2\/pages\/107"}],"collection":[{"href":"https:\/\/www.zukunftsenergie-fuer-unsere-stadt.de\/index.php?rest_route=\/wp\/v2\/pages"}],"about":[{"href":"https:\/\/www.zukunftsenergie-fuer-unsere-stadt.de\/index.php?rest_route=\/wp\/v2\/types\/page"}],"author":[{"embeddable":true,"href":"https:\/\/www.zukunftsenergie-fuer-unsere-stadt.de\/index.php?rest_route=\/wp\/v2\/users\/3"}],"replies":[{"embeddable":true,"href":"https:\/\/www.zukunftsenergie-fuer-unsere-stadt.de\/index.php?rest_route=%2Fwp%2Fv2%2Fcomments&post=107"}],"version-history":[{"count":6,"href":"https:\/\/www.zukunftsenergie-fuer-unsere-stadt.de\/index.php?rest_route=\/wp\/v2\/pages\/107\/revisions"}],"predecessor-version":[{"id":384,"href":"https:\/\/www.zukunftsenergie-fuer-unsere-stadt.de\/index.php?rest_route=\/wp\/v2\/pages\/107\/revisions\/384"}],"wp:attachment":[{"href":"https:\/\/www.zukunftsenergie-fuer-unsere-stadt.de\/index.php?rest_route=%2Fwp%2Fv2%2Fmedia&parent=107"}],"curies":[{"name":"wp","href":"https:\/\/api.w.org\/{rel}","templated":true}]}}